{"id":3,"date":"2024-10-27T18:28:33","date_gmt":"2024-10-27T17:28:33","guid":{"rendered":"http:\/\/www.ursulagates.com\/?page_id=3"},"modified":"2024-11-11T02:44:07","modified_gmt":"2024-11-11T01:44:07","slug":"termsofuse","status":"publish","type":"page","link":"https:\/\/www.ursulagates.com\/fr\/termsofuse\/","title":{"rendered":"TermsOfUse"},"content":{"rendered":"\n<div class=\"wp-block-cover alignfull is-light\" style=\"min-height:750px;aspect-ratio:unset;\"><span aria-hidden=\"true\" class=\"wp-block-cover__background has-custom-color-2-background-color has-background-dim-10 has-background-dim\"><\/span><img loading=\"lazy\" decoding=\"async\" width=\"2560\" height=\"1440\" class=\"wp-block-cover__image-background wp-image-381\" alt=\"#UrsulaGates ursula gates UrsulaGates\" src=\"http:\/\/www.ursulagates.com\/wp-content\/uploads\/2024\/11\/CGV-L-scaled.jpg\" data-object-fit=\"cover\" srcset=\"https:\/\/www.ursulagates.com\/wp-content\/uploads\/2024\/11\/CGV-L-scaled.jpg 2560w, https:\/\/www.ursulagates.com\/wp-content\/uploads\/2024\/11\/CGV-L-300x169.jpg 300w, https:\/\/www.ursulagates.com\/wp-content\/uploads\/2024\/11\/CGV-L-1024x576.jpg 1024w, https:\/\/www.ursulagates.com\/wp-content\/uploads\/2024\/11\/CGV-L-768x432.jpg 768w, https:\/\/www.ursulagates.com\/wp-content\/uploads\/2024\/11\/CGV-L-1536x864.jpg 1536w, https:\/\/www.ursulagates.com\/wp-content\/uploads\/2024\/11\/CGV-L-2048x1152.jpg 2048w\" sizes=\"auto, (max-width: 2560px) 100vw, 2560px\" \/><div class=\"wp-block-cover__inner-container has-global-padding is-layout-constrained wp-block-cover-is-layout-constrained\">\n<p class=\"has-text-align-center has-large-font-size\"><\/p>\n<\/div><\/div>\n\n\n\n<h2 class=\"wp-block-heading alignfull has-text-align-center has-contrast-color has-custom-color-1-background-color has-text-color has-background has-link-color wp-elements-4fece8ac351f5ae19b5a1c92d95c31c7\" style=\"padding-top:var(--wp--preset--spacing--20);padding-bottom:var(--wp--preset--spacing--20)\"><strong>Mentions l\u00e9gales<\/strong><\/h2>\n\n\n\n<h3 class=\"wp-block-heading\" style=\"margin-top:var(--wp--preset--spacing--20);margin-right:0;margin-bottom:var(--wp--preset--spacing--20);margin-left:0\"><strong>Propri\u00e9t\u00e9 du site &amp; acceptation des conditions d&rsquo;utilisation<\/strong><\/h3>\n\n\n\n<p class=\"text-align-justify\" style=\"padding-top:0.2rem;padding-bottom:0.2rem\">Les pr\u00e9sentes Conditions d&rsquo;utilisation (les \u00ab Conditions d&rsquo;utilisation \u00bb) s&rsquo;appliquent au site web de CEBiz S.A. accessible via l&rsquo;adresse www.UrsulaGates.com (le \u00ab Site \u00bb). Le Site est la propri\u00e9t\u00e9 de CEBiz S.A. (\u00ab CEBiz \u00bb) et de ses conc\u00e9dants de licence. EN UTILISANT LE SITE, VOUS ACCEPTEZ CES CONDITIONS D&rsquo;UTILISATION ; SI VOUS NE LES ACCEPTEZ PAS, N&rsquo;UTILISEZ PAS LE SITE.<\/p>\n\n\n\n<p class=\"text-align-justify\" style=\"padding-top:0.5rem;padding-bottom:0.5rem\">CEBiz se r\u00e9serve le droit, \u00e0 sa seule discr\u00e9tion, de changer, modifier, ajouter ou supprimer des parties de ces Conditions d&rsquo;utilisation, \u00e0 tout moment. Il est de votre responsabilit\u00e9 de v\u00e9rifier p\u00e9riodiquement si ces Conditions d&rsquo;utilisation ont \u00e9t\u00e9 modifi\u00e9es. En continuant \u00e0 utiliser le site apr\u00e8s la publication des modifications, vous acceptez les changements. Tant que vous respectez les pr\u00e9sentes Conditions d&rsquo;utilisation, CEBiz vous accorde un privil\u00e8ge personnel, non exclusif, non transf\u00e9rable et limit\u00e9 d&rsquo;acc\u00e9der au Site et de l&rsquo;utiliser.<\/p>\n\n\n\n<h3 class=\"wp-block-heading is-style-default\" style=\"padding-top:var(--wp--preset--spacing--20);padding-bottom:var(--wp--preset--spacing--20)\"><strong>Donn\u00e9es \u00e0 caract\u00e8re personnel<\/strong><\/h3>\n\n\n\n<p class=\"text-align-justify\">Nous utilisons les donn\u00e9es de connexion dans le but de mesurer l&rsquo;audience du Site, d&rsquo;assurer une meilleur commercialisation du produit et d&rsquo;am\u00e9liorer l&rsquo;exp\u00e9rience utilisateur de la navigation.<\/p>\n\n\n\n<h3 class=\"wp-block-heading\" style=\"margin-top:var(--wp--preset--spacing--20);margin-bottom:var(--wp--preset--spacing--20)\"><strong>Contenu<\/strong><\/h3>\n\n\n\n<p class=\"text-align-justify\" style=\"margin-top:0.5rem;margin-bottom:0.5rem\">L&rsquo;ensemble des textes, graphiques, interfaces utilisateur, interfaces visuelles, photographies, marques, logos, sons, musiques, \u0153uvres d&rsquo;art et codes informatiques (collectivement, le \u00ab Contenu \u00bb), y compris, mais sans s&rsquo;y limiter, la conception, la structure, la s\u00e9lection, la coordination, l&rsquo;expression, l&rsquo;\u00ab aspect et la convivialit\u00e9 \u00bb et l&rsquo;arrangement de ce Contenu, contenu sur le Site est d\u00e9tenu, contr\u00f4l\u00e9 ou conc\u00e9d\u00e9 sous licence par ou \u00e0 CEBiz, et est prot\u00e9g\u00e9 par les lois belges, les droits d&rsquo;auteur, les brevets et les marques, ainsi que par divers autres droits de propri\u00e9t\u00e9 intellectuelle et les lois sur la concurrence d\u00e9loyale.<\/p>\n\n\n\n<p class=\"text-align-justify\" style=\"margin-top:0.5rem;margin-bottom:0.5rem\">Sauf disposition expresse des pr\u00e9sentes Conditions d&rsquo;utilisation, aucune partie du Site et aucun Contenu ne peuvent \u00eatre copi\u00e9s, reproduits, republi\u00e9s, t\u00e9l\u00e9charg\u00e9s, affich\u00e9s, affich\u00e9s publiquement, encod\u00e9s, traduits, transmis ou distribu\u00e9s de quelque mani\u00e8re que ce soit (y compris par \u00ab mirroring \u00bb) vers un autre ordinateur, serveur, site Web ou autre support \u00e0 des fins de publication ou de distribution ou pour toute entreprise commerciale, sans l&rsquo;accord \u00e9crit pr\u00e9alable de CEBiz.<\/p>\n\n\n\n<p class=\"text-align-justify\" style=\"margin-top:0.5rem;margin-bottom:0.5rem\">Vous pouvez utiliser les informations sur les produits CEBiz (telles que les fiches techniques, les articles de la base de connaissances et autres documents similaires) mises \u00e0 disposition par CEBiz pour \u00eatre t\u00e9l\u00e9charg\u00e9es \u00e0 partir du Site, \u00e0 condition que vous (*) ne supprimiez pas les mentions de propri\u00e9t\u00e9 figurant dans toutes les copies de ces documents, (**) n&rsquo;utilisiez ces informations qu&rsquo;\u00e0 des fins d&rsquo;information personnelle et non commerciale et que vous ne les copiez pas, ne les affichiez pas sur un ordinateur en r\u00e9seau et ne les diffusiez pas dans un m\u00e9dia quelconque, (***) ne modifiiez pas ces informations et (****) ne fassiez aucune d\u00e9claration ou garantie suppl\u00e9mentaire relative \u00e0 ces documents.<\/p>\n\n\n\n<h3 class=\"wp-block-heading\" style=\"margin-top:var(--wp--preset--spacing--20);margin-bottom:var(--wp--preset--spacing--20)\"><strong>Droit applicable ; r\u00e8glement des litiges<\/strong><\/h3>\n\n\n\n<p class=\"text-align-justify\" style=\"padding-top:0.5rem;padding-bottom:0.5rem\">Vous acceptez que toutes les questions relatives \u00e0 votre acc\u00e8s au site ou \u00e0 son utilisation, y compris tous les litiges, soient r\u00e9gies par les lois belges, sans tenir compte des dispositions relatives aux conflits de lois. Vous acceptez la comp\u00e9tence personnelle des tribunaux de Li\u00e8ge, et renoncez \u00e0 toute objection concernant cette comp\u00e9tence ou ce lieu. Vous acceptez le fran\u00e7ais-belge comme langue de proc\u00e9dure. Toute r\u00e9clamation au titre des pr\u00e9sentes conditions d&rsquo;utilisation doit \u00eatre introduite dans un d\u00e9lai d&rsquo;un an \u00e0 compter de la survenance de la cause d&rsquo;action, faute de quoi ladite r\u00e9clamation ou cause d&rsquo;action est prescrite. Les r\u00e9clamations formul\u00e9es au titre des conditions g\u00e9n\u00e9rales d&rsquo;achat de biens et de services ne sont pas soumises \u00e0 cette limitation. Aucun recouvrement ne peut \u00eatre demand\u00e9 ou re\u00e7u pour des dommages autres que des frais remboursables, sauf que la partie gagnante aura droit aux frais et honoraires d&rsquo;avocat. En cas de controverse ou de litige entre CEBiz et vous d\u00e9coulant de ou en rapport avec votre utilisation du Site, les parties tenteront, rapidement et en toute bonne foi, de r\u00e9soudre ce litige. Si nous ne parvenons pas \u00e0 r\u00e9soudre un tel litige dans un d\u00e9lai raisonnable (ne d\u00e9passant pas trente (30) jours), l&rsquo;une ou l&rsquo;autre des parties pourra soumettre cette controverse ou ce litige \u00e0 la m\u00e9diation. Si le diff\u00e9rend ne peut \u00eatre r\u00e9solu par la m\u00e9diation, les parties sont libres d&rsquo;exercer tout droit ou recours dont elles disposent en vertu de la l\u00e9gislation applicable.<\/p>\n\n\n\n<h3 class=\"wp-block-heading\" style=\"margin-top:var(--wp--preset--spacing--10);margin-bottom:var(--wp--preset--spacing--10)\"><strong>Autres<\/strong><\/h3>\n\n\n\n<p class=\"text-align-justify\" style=\"padding-top:0.5rem;padding-bottom:0.5rem\">Il est interdit d&rsquo;utiliser, d&rsquo;exporter ou de r\u00e9exporter tout contenu ou toute copie ou adaptation de ce contenu, ou tout produit ou service offert sur le site, en violation de toute loi ou r\u00e9glementation applicable, y compris, mais sans s&rsquo;y limiter, les lois et r\u00e9glementations belges s&rsquo;y rapportant.<\/p>\n\n\n\n<p class=\"text-align-justify\" style=\"padding-top:0.5rem;padding-bottom:0.5rem\">Si l&rsquo;une des dispositions des pr\u00e9sentes conditions d&rsquo;utilisation est jug\u00e9e nulle ou inapplicable par une cour ou un autre tribunal comp\u00e9tent, cette disposition sera limit\u00e9e ou supprim\u00e9e dans la mesure minimale n\u00e9cessaire et remplac\u00e9e par une disposition valide qui incarne le mieux l&rsquo;intention des pr\u00e9sentes conditions d&rsquo;utilisation, de sorte que ces conditions d&rsquo;utilisation resteront pleinement en vigueur et effectives. Les pr\u00e9sentes Conditions d&rsquo;utilisation constituent l&rsquo;int\u00e9gralit\u00e9 de l&rsquo;accord entre vous et CEBiz en ce qui concerne votre utilisation du Site, et tous les autres accords ou arrangements \u00e9crits ou oraux existant pr\u00e9c\u00e9demment entre vous et CEBiz en ce qui concerne cette utilisation sont par les pr\u00e9sentes remplac\u00e9s et annul\u00e9s. \u00c0 l&rsquo;exception de ce qui est pr\u00e9vu dans un contrat d&rsquo;achat que vous concluez avec CEBiz, CEBiz n&rsquo;acceptera aucune contre-offre aux pr\u00e9sentes Conditions d&rsquo;utilisation, et toutes les offres de ce type sont cat\u00e9goriquement rejet\u00e9es par les pr\u00e9sentes. Le fait que CEBiz n&rsquo;insiste pas sur la stricte ex\u00e9cution des pr\u00e9sentes Conditions d&rsquo;utilisation ou ne la fasse pas respecter ne doit pas \u00eatre interpr\u00e9t\u00e9 comme une renonciation par CEBiz \u00e0 toute disposition ou \u00e0 tout droit qu&rsquo;elle a d&rsquo;appliquer les pr\u00e9sentes Conditions d&rsquo;utilisation, et toute ligne de conduite entre CEBiz et vous ou toute autre partie ne doit pas \u00eatre consid\u00e9r\u00e9e comme modifiant toute disposition des pr\u00e9sentes Conditions d&rsquo;utilisation. Les pr\u00e9sentes Conditions d&rsquo;utilisation ne doivent pas \u00eatre interpr\u00e9t\u00e9es comme conf\u00e9rant des droits ou des recours \u00e0 des tiers.<\/p>\n\n\n\n<p class=\"text-align-justify\" style=\"padding-top:0.5rem;padding-bottom:0.5rem\">CEBiz fournit un acc\u00e8s aux donn\u00e9es internationales de CEBiz et, par cons\u00e9quent, peut contenir des r\u00e9f\u00e9rences ou des renvois \u00e0 des produits, programmes et services de CEBiz qui ne sont pas annonc\u00e9s dans votre pays. De telles r\u00e9f\u00e9rences n&rsquo;impliquent pas que CEBiz ait l&rsquo;intention d&rsquo;annoncer ces produits, programmes ou services dans votre pays.<\/p>\n\n\n\n<h3 class=\"wp-block-heading\" style=\"margin-top:var(--wp--preset--spacing--20);margin-bottom:var(--wp--preset--spacing--20)\"><strong>Coordonn\u00e9es l\u00e9gales <\/strong><\/h3>\n\n\n\n<p>CEBiz S.A. <br><em>(\u00c9ditions Droits et Libert\u00e9s)<\/em><br>Avenue des Arts 56, 1000 Bruxelles, Belgique<\/p>\n\n\n\n<p style=\"margin-top:var(--wp--preset--spacing--20);margin-bottom:var(--wp--preset--spacing--20)\">Nous recevons uniquement sur rendez-vous.<\/p>\n","protected":false},"excerpt":{"rendered":"<p>Mentions l\u00e9gales Propri\u00e9t\u00e9 du site &amp; acceptation des conditions d&rsquo;utilisation Les pr\u00e9sentes Conditions d&rsquo;utilisation (les \u00ab Conditions d&rsquo;utilisation \u00bb) s&rsquo;appliquent au site web de CEBiz S.A. accessible via l&rsquo;adresse www.UrsulaGates.com (le \u00ab Site \u00bb). Le Site est la propri\u00e9t\u00e9 de CEBiz S.A. (\u00ab CEBiz \u00bb) et de ses conc\u00e9dants de licence. EN UTILISANT LE SITE, [&hellip;]<\/p>\n","protected":false},"author":1,"featured_media":381,"parent":0,"menu_order":0,"comment_status":"closed","ping_status":"closed","template":"page-no-title","meta":{"footnotes":""},"class_list":["post-3","page","type-page","status-publish","has-post-thumbnail","hentry"],"yoast_head":"<!-- This site is optimized with the Yoast SEO plugin v26.0 - https:\/\/yoast.com\/wordpress\/plugins\/seo\/ -->\n<title>UrsulaGates : mentions l\u00e9gales<\/title>\n<meta name=\"description\" content=\"Voici l&#039;ensemble des conditions que vous acceptez tacitement en vistant notre site internet www.UrsulaGates.com\" \/>\n<meta name=\"robots\" content=\"index, follow, max-snippet:-1, max-image-preview:large, max-video-preview:-1\" \/>\n<link rel=\"canonical\" href=\"https:\/\/www.ursulagates.com\/fr\/termsofuse\/\" \/>\n<meta property=\"og:locale\" content=\"fr_FR\" \/>\n<meta property=\"og:type\" content=\"article\" \/>\n<meta property=\"og:title\" content=\"UrsulaGates : mentions l\u00e9gales\" \/>\n<meta property=\"og:description\" content=\"Voici l&#039;ensemble des conditions que vous acceptez tacitement en vistant notre site internet www.UrsulaGates.com\" \/>\n<meta property=\"og:url\" content=\"https:\/\/www.ursulagates.com\/fr\/termsofuse\/\" \/>\n<meta property=\"article:modified_time\" content=\"2024-11-11T01:44:07+00:00\" \/>\n<meta property=\"og:image\" content=\"https:\/\/www.ursulagates.com\/wp-content\/uploads\/2024\/11\/CGV-L-scaled.jpg\" \/>\n\t<meta property=\"og:image:width\" content=\"2560\" \/>\n\t<meta property=\"og:image:height\" content=\"1440\" \/>\n\t<meta property=\"og:image:type\" content=\"image\/jpeg\" \/>\n<meta name=\"twitter:card\" content=\"summary_large_image\" \/>\n<meta name=\"twitter:site\" content=\"@baldanfrederic\" \/>\n<meta name=\"twitter:label1\" content=\"Dur\u00e9e de lecture estim\u00e9e\" \/>\n\t<meta name=\"twitter:data1\" content=\"6 minutes\" \/>\n<script type=\"application\/ld+json\" class=\"yoast-schema-graph\">{\"@context\":\"https:\/\/schema.org\",\"@graph\":[{\"@type\":\"WebPage\",\"@id\":\"https:\/\/www.ursulagates.com\/termsofuse\/\",\"url\":\"https:\/\/www.ursulagates.com\/termsofuse\/\",\"name\":\"UrsulaGates : mentions l\u00e9gales\",\"isPartOf\":{\"@id\":\"https:\/\/www.ursulagates.com\/#website\"},\"primaryImageOfPage\":{\"@id\":\"https:\/\/www.ursulagates.com\/termsofuse\/#primaryimage\"},\"image\":{\"@id\":\"https:\/\/www.ursulagates.com\/termsofuse\/#primaryimage\"},\"thumbnailUrl\":\"https:\/\/www.ursulagates.com\/wp-content\/uploads\/2024\/11\/CGV-L-scaled.jpg\",\"datePublished\":\"2024-10-27T17:28:33+00:00\",\"dateModified\":\"2024-11-11T01:44:07+00:00\",\"description\":\"Voici l'ensemble des conditions que vous acceptez tacitement en vistant notre site internet www.UrsulaGates.com\",\"breadcrumb\":{\"@id\":\"https:\/\/www.ursulagates.com\/termsofuse\/#breadcrumb\"},\"inLanguage\":\"fr-FR\",\"potentialAction\":[{\"@type\":\"ReadAction\",\"target\":[\"https:\/\/www.ursulagates.com\/termsofuse\/\"]}]},{\"@type\":\"ImageObject\",\"inLanguage\":\"fr-FR\",\"@id\":\"https:\/\/www.ursulagates.com\/termsofuse\/#primaryimage\",\"url\":\"https:\/\/www.ursulagates.com\/wp-content\/uploads\/2024\/11\/CGV-L-scaled.jpg\",\"contentUrl\":\"https:\/\/www.ursulagates.com\/wp-content\/uploads\/2024\/11\/CGV-L-scaled.jpg\",\"width\":2560,\"height\":1440},{\"@type\":\"BreadcrumbList\",\"@id\":\"https:\/\/www.ursulagates.com\/termsofuse\/#breadcrumb\",\"itemListElement\":[{\"@type\":\"ListItem\",\"position\":1,\"name\":\"Accueil\",\"item\":\"https:\/\/www.ursulagates.com\/\"},{\"@type\":\"ListItem\",\"position\":2,\"name\":\"TermsOfUse\"}]},{\"@type\":\"WebSite\",\"@id\":\"https:\/\/www.ursulagates.com\/#website\",\"url\":\"https:\/\/www.ursulagates.com\/\",\"name\":\"UrsulaGates : la compromission par les lobbys\",\"description\":\"UrsulaGates : la compromission par les lobbys\",\"publisher\":{\"@id\":\"https:\/\/www.ursulagates.com\/#organization\"},\"potentialAction\":[{\"@type\":\"SearchAction\",\"target\":{\"@type\":\"EntryPoint\",\"urlTemplate\":\"https:\/\/www.ursulagates.com\/?s={search_term_string}\"},\"query-input\":{\"@type\":\"PropertyValueSpecification\",\"valueRequired\":true,\"valueName\":\"search_term_string\"}}],\"inLanguage\":\"fr-FR\"},{\"@type\":\"Organization\",\"@id\":\"https:\/\/www.ursulagates.com\/#organization\",\"name\":\"\u00c9ditions Droits et Libert\u00e9s\",\"url\":\"https:\/\/www.ursulagates.com\/\",\"logo\":{\"@type\":\"ImageObject\",\"inLanguage\":\"fr-FR\",\"@id\":\"https:\/\/www.ursulagates.com\/#\/schema\/logo\/image\/\",\"url\":\"https:\/\/www.ursulagates.com\/wp-content\/uploads\/2024\/10\/cropped-UrsulaGates_9-782960-365306_Front-Cover_150dpi.jpg\",\"contentUrl\":\"https:\/\/www.ursulagates.com\/wp-content\/uploads\/2024\/10\/cropped-UrsulaGates_9-782960-365306_Front-Cover_150dpi.jpg\",\"width\":512,\"height\":512,\"caption\":\"\u00c9ditions Droits et Libert\u00e9s\"},\"image\":{\"@id\":\"https:\/\/www.ursulagates.com\/#\/schema\/logo\/image\/\"},\"sameAs\":[\"https:\/\/x.com\/baldanfrederic\"]}]}<\/script>\n<!-- \/ Yoast SEO plugin. -->","yoast_head_json":{"title":"UrsulaGates : mentions l\u00e9gales","description":"Voici l'ensemble des conditions que vous acceptez tacitement en vistant notre site internet www.UrsulaGates.com","robots":{"index":"index","follow":"follow","max-snippet":"max-snippet:-1","max-image-preview":"max-image-preview:large","max-video-preview":"max-video-preview:-1"},"canonical":"https:\/\/www.ursulagates.com\/fr\/termsofuse\/","og_locale":"fr_FR","og_type":"article","og_title":"UrsulaGates : mentions l\u00e9gales","og_description":"Voici l'ensemble des conditions que vous acceptez tacitement en vistant notre site internet www.UrsulaGates.com","og_url":"https:\/\/www.ursulagates.com\/fr\/termsofuse\/","article_modified_time":"2024-11-11T01:44:07+00:00","og_image":[{"width":2560,"height":1440,"url":"https:\/\/www.ursulagates.com\/wp-content\/uploads\/2024\/11\/CGV-L-scaled.jpg","type":"image\/jpeg"}],"twitter_card":"summary_large_image","twitter_site":"@baldanfrederic","twitter_misc":{"Dur\u00e9e de lecture estim\u00e9e":"6 minutes"},"schema":{"@context":"https:\/\/schema.org","@graph":[{"@type":"WebPage","@id":"https:\/\/www.ursulagates.com\/termsofuse\/","url":"https:\/\/www.ursulagates.com\/termsofuse\/","name":"UrsulaGates : mentions l\u00e9gales","isPartOf":{"@id":"https:\/\/www.ursulagates.com\/#website"},"primaryImageOfPage":{"@id":"https:\/\/www.ursulagates.com\/termsofuse\/#primaryimage"},"image":{"@id":"https:\/\/www.ursulagates.com\/termsofuse\/#primaryimage"},"thumbnailUrl":"https:\/\/www.ursulagates.com\/wp-content\/uploads\/2024\/11\/CGV-L-scaled.jpg","datePublished":"2024-10-27T17:28:33+00:00","dateModified":"2024-11-11T01:44:07+00:00","description":"Voici l'ensemble des conditions que vous acceptez tacitement en vistant notre site internet www.UrsulaGates.com","breadcrumb":{"@id":"https:\/\/www.ursulagates.com\/termsofuse\/#breadcrumb"},"inLanguage":"fr-FR","potentialAction":[{"@type":"ReadAction","target":["https:\/\/www.ursulagates.com\/termsofuse\/"]}]},{"@type":"ImageObject","inLanguage":"fr-FR","@id":"https:\/\/www.ursulagates.com\/termsofuse\/#primaryimage","url":"https:\/\/www.ursulagates.com\/wp-content\/uploads\/2024\/11\/CGV-L-scaled.jpg","contentUrl":"https:\/\/www.ursulagates.com\/wp-content\/uploads\/2024\/11\/CGV-L-scaled.jpg","width":2560,"height":1440},{"@type":"BreadcrumbList","@id":"https:\/\/www.ursulagates.com\/termsofuse\/#breadcrumb","itemListElement":[{"@type":"ListItem","position":1,"name":"Accueil","item":"https:\/\/www.ursulagates.com\/"},{"@type":"ListItem","position":2,"name":"TermsOfUse"}]},{"@type":"WebSite","@id":"https:\/\/www.ursulagates.com\/#website","url":"https:\/\/www.ursulagates.com\/","name":"UrsulaGates : la compromission par les lobbys","description":"UrsulaGates : la compromission par les lobbys","publisher":{"@id":"https:\/\/www.ursulagates.com\/#organization"},"potentialAction":[{"@type":"SearchAction","target":{"@type":"EntryPoint","urlTemplate":"https:\/\/www.ursulagates.com\/?s={search_term_string}"},"query-input":{"@type":"PropertyValueSpecification","valueRequired":true,"valueName":"search_term_string"}}],"inLanguage":"fr-FR"},{"@type":"Organization","@id":"https:\/\/www.ursulagates.com\/#organization","name":"\u00c9ditions Droits et Libert\u00e9s","url":"https:\/\/www.ursulagates.com\/","logo":{"@type":"ImageObject","inLanguage":"fr-FR","@id":"https:\/\/www.ursulagates.com\/#\/schema\/logo\/image\/","url":"https:\/\/www.ursulagates.com\/wp-content\/uploads\/2024\/10\/cropped-UrsulaGates_9-782960-365306_Front-Cover_150dpi.jpg","contentUrl":"https:\/\/www.ursulagates.com\/wp-content\/uploads\/2024\/10\/cropped-UrsulaGates_9-782960-365306_Front-Cover_150dpi.jpg","width":512,"height":512,"caption":"\u00c9ditions Droits et Libert\u00e9s"},"image":{"@id":"https:\/\/www.ursulagates.com\/#\/schema\/logo\/image\/"},"sameAs":["https:\/\/x.com\/baldanfrederic"]}]}},"_links":{"self":[{"href":"https:\/\/www.ursulagates.com\/fr\/wp-json\/wp\/v2\/pages\/3","targetHints":{"allow":["GET"]}}],"collection":[{"href":"https:\/\/www.ursulagates.com\/fr\/wp-json\/wp\/v2\/pages"}],"about":[{"href":"https:\/\/www.ursulagates.com\/fr\/wp-json\/wp\/v2\/types\/page"}],"author":[{"embeddable":true,"href":"https:\/\/www.ursulagates.com\/fr\/wp-json\/wp\/v2\/users\/1"}],"replies":[{"embeddable":true,"href":"https:\/\/www.ursulagates.com\/fr\/wp-json\/wp\/v2\/comments?post=3"}],"version-history":[{"count":17,"href":"https:\/\/www.ursulagates.com\/fr\/wp-json\/wp\/v2\/pages\/3\/revisions"}],"predecessor-version":[{"id":849,"href":"https:\/\/www.ursulagates.com\/fr\/wp-json\/wp\/v2\/pages\/3\/revisions\/849"}],"wp:featuredmedia":[{"embeddable":true,"href":"https:\/\/www.ursulagates.com\/fr\/wp-json\/wp\/v2\/media\/381"}],"wp:attachment":[{"href":"https:\/\/www.ursulagates.com\/fr\/wp-json\/wp\/v2\/media?parent=3"}],"curies":[{"name":"wp","href":"https:\/\/api.w.org\/{rel}","templated":true}]}}